{"id":88,"date":"2013-04-30T10:01:31","date_gmt":"2013-04-30T08:01:31","guid":{"rendered":"http:\/\/www.bacad.ch\/?page_id=88"},"modified":"2023-09-15T08:40:07","modified_gmt":"2023-09-15T06:40:07","slug":"bacad-team","status":"publish","type":"page","link":"https:\/\/www.bacad.ch\/en\/about\/bacad-team\/","title":{"rendered":"BaCAD Team"},"content":{"rendered":"<p><strong>St\u00e9phane Berclaz<\/strong>, CEO<br \/>\n<strong>Philippe Germanier<\/strong>, CTO<br \/>\n<strong>Isabelle Berclaz<\/strong>, Commercial<\/p>\n<p><strong>J\u00e9r\u00f4me Delacombaz<\/strong>, Software engineer<strong><br \/>\nFr\u00e9d\u00e9ric Favre<\/strong>, Software engineer<br \/>\n<strong>Jonathan Luthi<\/strong>, Software engineer<\/p>","protected":false},"excerpt":{"rendered":"<p>St\u00e9phane Berclaz, CEO Philippe Germanier, CTO Isabelle Berclaz, Commercial J\u00e9r\u00f4me Delacombaz, Software engineer Fr\u00e9d\u00e9ric Favre, Software engineer Jonathan Luthi, Software engineer<\/p>\n","protected":false},"author":1,"featured_media":0,"parent":79,"menu_order":2,"comment_status":"closed","ping_status":"open","template":"page-templates\/full-width.php","meta":{"footnotes":""},"class_list":["post-88","page","type-page","status-publish","hentry"],"_links":{"self":[{"href":"https:\/\/www.bacad.ch\/en\/wp-json\/wp\/v2\/pages\/88","targetHints":{"allow":["GET"]}}],"collection":[{"href":"https:\/\/www.bacad.ch\/en\/wp-json\/wp\/v2\/pages"}],"about":[{"href":"https:\/\/www.bacad.ch\/en\/wp-json\/wp\/v2\/types\/page"}],"author":[{"embeddable":true,"href":"https:\/\/www.bacad.ch\/en\/wp-json\/wp\/v2\/users\/1"}],"replies":[{"embeddable":true,"href":"https:\/\/www.bacad.ch\/en\/wp-json\/wp\/v2\/comments?post=88"}],"version-history":[{"count":79,"href":"https:\/\/www.bacad.ch\/en\/wp-json\/wp\/v2\/pages\/88\/revisions"}],"predecessor-version":[{"id":3554,"href":"https:\/\/www.bacad.ch\/en\/wp-json\/wp\/v2\/pages\/88\/revisions\/3554"}],"up":[{"embeddable":true,"href":"https:\/\/www.bacad.ch\/en\/wp-json\/wp\/v2\/pages\/79"}],"wp:attachment":[{"href":"https:\/\/www.bacad.ch\/en\/wp-json\/wp\/v2\/media?parent=88"}],"curies":[{"name":"wp","href":"https:\/\/api.w.org\/{rel}","templated":true}]}}